{"id":217205,"date":"2026-05-06T11:34:52","date_gmt":"2026-05-06T09:34:52","guid":{"rendered":"https:\/\/www.fleurus-athletisme.be\/Fleu\/?page_id=217205"},"modified":"2026-05-06T11:34:52","modified_gmt":"2026-05-06T09:34:52","slug":"meeting-de-relais-jean-novaj","status":"publish","type":"page","link":"https:\/\/www.fleurus-athletisme.be\/Fleu\/meeting-de-relais-jean-novaj\/","title":{"rendered":"Meeting de relais Jean Novaj"},"content":{"rendered":"<section data-bb-version=\"5.2.1\" id=\"bt_bb_section6a058a76c3f69\" class=\"bt_bb_section bt_bb_layout_boxed_1200\"  data-bt-override-class=\"null\"><div class=\"bt_bb_port\"><div class=\"bt_bb_cell\"><div class=\"bt_bb_cell_inner\"><div class=\"bt_bb_row \"  data-bt-override-class=\"{}\"><div class=\"bt_bb_row_holder\" ><div data-bb-version=\"5.2.1\"  class=\"bt_bb_column col-xxl-12 col-xl-12 col-xs-12 col-sm-12 col-md-12 col-lg-12 bt_bb_vertical_align_top bt_bb_align_left bt_bb_padding_normal\" style=\"; --column-width:12;\" data-width=\"12\" data-bt-override-class=\"{}\"><div class=\"bt_bb_column_content\"><div class=\"bt_bb_column_content_inner\"><header data-bb-version=\"5.2.1\" class=\"bt_bb_headline bt_bb_dash_none bt_bb_subheadline bt_bb_size_inherit bt_bb_align_inherit\" data-bt-override-class=\"{&quot;bt_bb_size_&quot;:{&quot;current_class&quot;:&quot;bt_bb_size_inherit&quot;,&quot;xxl&quot;:&quot;inherit&quot;},&quot;bt_bb_align_&quot;:{&quot;current_class&quot;:&quot;bt_bb_align_inherit&quot;,&quot;xxl&quot;:&quot;inherit&quot;}}\"><h1 class=\"bt_bb_headline_tag\"><span class=\"bt_bb_headline_content\"><span>Meeting de relais Jean Novaj<\/span><\/span><\/h1><div class=\"bt_bb_headline_subheadline\">Toute premi\u00e8re \u00e9dition de notre meeting de relais Jean Novaj<\/p><br \/>\n<p>Rendez-vous le vendredi 22 mai \u00e0 partir de 17h30 pour vivre une soir\u00e9e m\u00e9morable.<\/p><br \/>\n<p>Des relais pour les BPM et les TC, meeting ouvert \u00e0 la Ligue Travailliste, une course handisports<\/p><br \/>\n<p>Les inscriptions sont ouvertes jusqu'au mardi 19 mai. Possibilit\u00e9 de modifier l'\u00e9quipe le jour J une heure avant le d\u00e9but de la course.<br \/><br \/>\n<\/div><\/header><div data-bb-version=\"5.2.1\" class=\"bt_bb_separator bt_bb_border_style_none bt_bb_top_spacing_normal bt_bb_bottom_spacing_none\" data-bt-override-class=\"{&quot;bt_bb_top_spacing_&quot;:{&quot;current_class&quot;:&quot;bt_bb_top_spacing_normal&quot;,&quot;xxl&quot;:&quot;normal&quot;},&quot;bt_bb_bottom_spacing_&quot;:{&quot;current_class&quot;:&quot;bt_bb_bottom_spacing_none&quot;,&quot;xxl&quot;:&quot;none&quot;}}\"><\/div><div data-bb-version=\"5.2.1\" class=\"bt_bb_button bt_bb_color_scheme_8 bt_bb_icon_position_left bt_bb_style_outline bt_bb_size_small bt_bb_width_inline bt_bb_shape_inherit bt_bb_target_self bt_bb_text_transform_inherit bt_bb_align_inherit\" style=\"; --primary-color:#c9c202; --secondary-color:#ffffff;\" data-bt-override-class=\"{&quot;bt_bb_size_&quot;:{&quot;current_class&quot;:&quot;bt_bb_size_small&quot;,&quot;xxl&quot;:&quot;small&quot;},&quot;bt_bb_align_&quot;:{&quot;current_class&quot;:&quot;bt_bb_align_inherit&quot;,&quot;xxl&quot;:&quot;inherit&quot;}}\"><a href=\"https:\/\/www.beathletics.be\/event\/F4783\/overview?fbclid=IwY2xjawRn6illeHRuA2FlbQIxMABicmlkETFjNVR2ZHlxRXJxa3BaVGw4c3J0YwZhcHBfaWQQMjIyMDM5MTc4ODIwMDg5MgABHvwkUPXf4zIlUWZccrc4koHIgJYvjcA8hr5mtr_0M7zgiMeMdd9cSjTqNDay_aem_oV6VlzSmJjcMiqwHUc2NcQ\" target=\"_self\" class=\"bt_bb_link\" title=\"INSCRIPTIONS\"><span class=\"bt_bb_button_text\" >INSCRIPTIONS<\/span><\/a><\/div><div data-bb-version=\"5.2.1\" class=\"bt_bb_separator bt_bb_border_style_none bt_bb_top_spacing_normal bt_bb_bottom_spacing_none\" data-bt-override-class=\"{&quot;bt_bb_top_spacing_&quot;:{&quot;current_class&quot;:&quot;bt_bb_top_spacing_normal&quot;,&quot;xxl&quot;:&quot;normal&quot;},&quot;bt_bb_bottom_spacing_&quot;:{&quot;current_class&quot;:&quot;bt_bb_bottom_spacing_none&quot;,&quot;xxl&quot;:&quot;none&quot;}}\"><\/div><div data-bb-version=\"5.2.1\" class=\"bt_bb_image bt_bb_shape_square bt_bb_target_self bt_bb_align_inherit bt_bb_hover_style_simple bt_bb_content_display_always bt_bb_content_align_middle\" data-bt-override-class=\"{&quot;bt_bb_align_&quot;:{&quot;current_class&quot;:&quot;bt_bb_align_inherit&quot;,&quot;xxl&quot;:&quot;inherit&quot;},&quot;bt_bb_content_display_&quot;:{&quot;current_class&quot;:&quot;bt_bb_content_display_always&quot;,&quot;xxl&quot;:&quot;always&quot;}}\"><span><img fetchpriority=\"high\" decoding=\"async\" width=\"509\" height=\"720\" src=\"https:\/\/www.fleurus-athletisme.be\/Fleu\/wp-content\/uploads\/2026\/05\/684162397_1316907773836431_6076079248545506429_n.jpg\" class=\"attachment-medium size-medium\" alt=\"https:\/\/www.fleurus-athletisme.be\/Fleu\/wp-content\/uploads\/2026\/05\/684162397_1316907773836431_6076079248545506429_n.jpg\" data-full_image_src=\"https:\/\/www.fleurus-athletisme.be\/Fleu\/wp-content\/uploads\/2026\/05\/684162397_1316907773836431_6076079248545506429_n.jpg\" title=\"684162397_1316907773836431_6076079248545506429_n\" srcset=\"https:\/\/www.fleurus-athletisme.be\/Fleu\/wp-content\/uploads\/2026\/05\/684162397_1316907773836431_6076079248545506429_n.jpg 509w, https:\/\/www.fleurus-athletisme.be\/Fleu\/wp-content\/uploads\/2026\/05\/684162397_1316907773836431_6076079248545506429_n-320x453.jpg 320w\" sizes=\"(max-width: 509px) 100vw, 509px\" \/><\/span><\/div><\/div><\/div><\/div><\/div><\/div><\/div><!-- cell_inner --><\/div><!-- cell --><\/div><!-- port --><\/section>\n","protected":false},"excerpt":{"rendered":"","protected":false},"author":3,"featured_media":0,"parent":0,"menu_order":0,"comment_status":"closed","ping_status":"closed","template":"","meta":{"footnotes":""},"class_list":["post-217205","page","type-page","status-publish","hentry"],"_links":{"self":[{"href":"https:\/\/www.fleurus-athletisme.be\/Fleu\/wp-json\/wp\/v2\/pages\/217205","targetHints":{"allow":["GET"]}}],"collection":[{"href":"https:\/\/www.fleurus-athletisme.be\/Fleu\/wp-json\/wp\/v2\/pages"}],"about":[{"href":"https:\/\/www.fleurus-athletisme.be\/Fleu\/wp-json\/wp\/v2\/types\/page"}],"author":[{"embeddable":true,"href":"https:\/\/www.fleurus-athletisme.be\/Fleu\/wp-json\/wp\/v2\/users\/3"}],"replies":[{"embeddable":true,"href":"https:\/\/www.fleurus-athletisme.be\/Fleu\/wp-json\/wp\/v2\/comments?post=217205"}],"version-history":[{"count":3,"href":"https:\/\/www.fleurus-athletisme.be\/Fleu\/wp-json\/wp\/v2\/pages\/217205\/revisions"}],"predecessor-version":[{"id":217209,"href":"https:\/\/www.fleurus-athletisme.be\/Fleu\/wp-json\/wp\/v2\/pages\/217205\/revisions\/217209"}],"wp:attachment":[{"href":"https:\/\/www.fleurus-athletisme.be\/Fleu\/wp-json\/wp\/v2\/media?parent=217205"}],"curies":[{"name":"wp","href":"https:\/\/api.w.org\/{rel}","templated":true}]}}