{"id":214196,"date":"2019-09-01T16:03:46","date_gmt":"2019-09-01T15:03:46","guid":{"rendered":"http:\/\/www.fleurus-athletisme.be\/Fleu\/?page_id=214196"},"modified":"2026-02-19T11:36:35","modified_gmt":"2026-02-19T10:36:35","slug":"inscription","status":"publish","type":"page","link":"https:\/\/www.fleurus-athletisme.be\/Fleu\/inscription\/","title":{"rendered":"Inscription"},"content":{"rendered":"<section id=\"bt_bb_section69f1e12ace110\" class=\"bt_bb_section bt_bb_layout_boxed_1200\"  data-bt-override-class=\"null\"><div class=\"bt_bb_port\"><div class=\"bt_bb_cell\"><div class=\"bt_bb_cell_inner\"><div class=\"bt_bb_row \"  data-bt-override-class=\"{}\"><div class=\"bt_bb_row_holder\" ><div  class=\"bt_bb_column col-xxl-12 col-xl-12 bt_bb_vertical_align_top bt_bb_align_left bt_bb_padding_normal\" style=\"; --column-width:12;\" data-width=\"12\" data-bt-override-class=\"{}\"><div class=\"bt_bb_column_content\"><div class=\"bt_bb_column_content_inner\"><div class=\"bt_bb_separator bt_bb_border_style_none bt_bb_bottom_spacing_medium\" data-bt-override-class=\"null\"><\/div><div  class=\"bt_bb_text\" ><\/p>\n<p>Fleurus athl\u00e9tisme est un club affili\u00e9 \u00e0 la Ligue Belge Francophone d\u2019Athl\u00e9tisme (LBFA) et \u00e0 la F\u00e9d\u00e9ration Belge Francophone d\u2019Athl\u00e9tisme du Monde du Travail (FBFAT).<\/p>\n<p>Notre club fonctionne par cotisation annuelle couvrant la p\u00e9riode du 1er septembre au 31 ao\u00fbt.<\/p>\n<p>La prochaine saison d\u00e9butera donc le 1er septembre 2026, avec des essais possibles \u00e0 partir du lundi 17 ao\u00fbt 2026 (maximum 3 essais).<\/p>\n<p>Les entrainements sont accessibles \u00e0 tous \u00e0 partir de 6 ans (plus d\u2019infos sur les groupes dans la rubrique entrainements).<\/p>\n<p>La cotisation pour une saison athl\u00e9tique coute :<\/p>\n<p>\u2013 Adultes : 95 \u20ac sans dossard sportif et 130 \u20ac avec le dossard sportif.<\/p>\n<p>\u2013 Enfants jusqu\u2019\u00e0 12 ans : 130 \u20ac (dossard compris)<\/p>\n<p>\u2013 Enfants \u00e0 partir de 13 ans : 145 \u20ac (dossard compris).<\/p>\n<p>L\u2019affiliation avec dossard donne acc\u00e8s aux cross, ainsi qu\u2019\u00e0 des meetings sur piste (voir rubrique comp\u00e9titions).<\/p>\n<p>NB : les dossards sportifs couvrent la p\u00e9riode athl\u00e9tique du 01\/11 au 31\/10. Si vous aviez un dossard pour la saison 2025-2026, celui-ci vous permet donc d\u2019acc\u00e9der aux comp\u00e9titions jusqu\u2019au 31 octobre 2026.<\/p>\n<h4><u>R\u00c9INSCRIPTION<\/u><\/h4>\n<p>Le nombre d\u2019athl\u00e8tes par groupe \u00e9tant vite atteint pour certains (Kangourous, Benjamins et Pupilles notamment), une priorit\u00e9 d\u2019inscription est donn\u00e9e aux membres inscrits \u00e0 la saison 2025-2026 jusqu\u2019au 1er septembre 2026, le paiement faisant foi. Le paiement est possible par virement bancaire ou en esp\u00e8ces au secr\u00e9tariat.<\/p>\n<p><em>Dans cette optique de priorit\u00e9, vous recevrez par mail le lien vers le formulaire d\u2019inscription courant juin.<\/em><\/p>\n<h4><u>NOUVELLE INSCRIPTION<\/u><\/h4>\n<p>Dans le cas d\u2019une nouvelle inscription, celle-ci se fait <span style=\"text-decoration: underline\">uniquement au secr\u00e9tariat.<\/span> Le secr\u00e9tariat est ouvert les mercredis et vendredis entre 17h45 et 19h30 (durant les mois d\u2019ao\u00fbt et septembre, le secr\u00e9tariat ouvre \u00e0 17h30). Le paiement est possible par virement bancaire ou en esp\u00e8ces, au plus tard d\u00e8s le 3\u00e8me essai accompli.<\/p>\n<h5><u>Enfants de 3 \u00e0 6 ans<\/u><\/h5>\n<p>Si vous \u00eates coureur et souhaitez nous confier vos enfants en-dessous de 6 ans, un accueil est organis\u00e9 \u00e0 partir de 3 ans (pour autant qu\u2019ils soient propres). Dans ce cas, l\u2019inscription se fait uniquement au secr\u00e9tariat. Le tarif est au m\u00eame prix que la cotisation, soit 95\u20ac.<\/p>\n<h5><u>Avantages club<\/u><\/h5>\n<p>L\u2019affiliation vous permet de b\u00e9n\u00e9ficier :<\/p>\n<ul>\n<li>D\u2019un encadrement \u00e0 l\u2019entra\u00eenement (sur site et programme personnel).<\/li>\n<li>D\u2019une assurance en cas de blessure \u00e0 l\u2019entra\u00eenement (\u00e9galement en dehors des jours encadr\u00e9s).<\/li>\n<li>De vestiaires et douches les jours d\u2019entrainements encadr\u00e9s.<\/li>\n<li>D\u2019une ristourne de 20% sur les v\u00eatements et chaussures dans les magasins TRAKKS (sur pr\u00e9sentation de la carte d\u2019affiliation) (Voir liens utiles).<\/li>\n<li>D\u2019une ristourne \u00e0 la piscine de Fleurus (tarif club sur pr\u00e9sentation de la carte d\u2019affiliation).<\/li>\n<\/ul>\n<h5><u>Remboursement mutuelle<\/u><\/h5>\n<p>La plupart des mutuelles octroie un remboursement pour les activit\u00e9s sportives.<\/p>\n<p>Le formulaire papier est \u00e0 d\u00e9poser au secr\u00e9tariat pour y \u00eatre compl\u00e9t\u00e9, ou remis \u00e0 la secr\u00e9taire.<\/p>\n<p>\n<\/div><div class=\"bt_bb_separator bt_bb_border_style_none bt_bb_bottom_spacing_normal\" data-bt-override-class=\"null\"><\/div><\/div><\/div><\/div><\/div><\/div><\/div><!-- cell_inner --><\/div><!-- cell --><\/div><!-- port --><\/section>\n","protected":false},"excerpt":{"rendered":"","protected":false},"author":1,"featured_media":214578,"parent":0,"menu_order":0,"comment_status":"closed","ping_status":"closed","template":"","meta":{"footnotes":""},"class_list":["post-214196","page","type-page","status-publish","has-post-thumbnail","hentry"],"_links":{"self":[{"href":"https:\/\/www.fleurus-athletisme.be\/Fleu\/wp-json\/wp\/v2\/pages\/214196","targetHints":{"allow":["GET"]}}],"collection":[{"href":"https:\/\/www.fleurus-athletisme.be\/Fleu\/wp-json\/wp\/v2\/pages"}],"about":[{"href":"https:\/\/www.fleurus-athletisme.be\/Fleu\/wp-json\/wp\/v2\/types\/page"}],"author":[{"embeddable":true,"href":"https:\/\/www.fleurus-athletisme.be\/Fleu\/wp-json\/wp\/v2\/users\/1"}],"replies":[{"embeddable":true,"href":"https:\/\/www.fleurus-athletisme.be\/Fleu\/wp-json\/wp\/v2\/comments?post=214196"}],"version-history":[{"count":4,"href":"https:\/\/www.fleurus-athletisme.be\/Fleu\/wp-json\/wp\/v2\/pages\/214196\/revisions"}],"predecessor-version":[{"id":217170,"href":"https:\/\/www.fleurus-athletisme.be\/Fleu\/wp-json\/wp\/v2\/pages\/214196\/revisions\/217170"}],"wp:featuredmedia":[{"embeddable":true,"href":"https:\/\/www.fleurus-athletisme.be\/Fleu\/wp-json\/wp\/v2\/media\/214578"}],"wp:attachment":[{"href":"https:\/\/www.fleurus-athletisme.be\/Fleu\/wp-json\/wp\/v2\/media?parent=214196"}],"curies":[{"name":"wp","href":"https:\/\/api.w.org\/{rel}","templated":true}]}}