{"id":213671,"date":"2017-10-19T10:01:08","date_gmt":"2017-10-19T10:01:08","guid":{"rendered":"http:\/\/oxygen-club.omnicom-dev.com\/main-demo\/?page_id=2"},"modified":"2025-06-05T09:57:29","modified_gmt":"2025-06-05T07:57:29","slug":"home","status":"publish","type":"page","link":"https:\/\/www.fleurus-athletisme.be\/Fleu\/","title":{"rendered":"Home"},"content":{"rendered":"<p><section id=\"bt_bb_section69f1cfe4d66fa\" class=\"bt_bb_section bt_bb_color_scheme_1 bt_bb_layout_boxed_1200 bt_bb_full_screen bt_bb_vertical_align_middle bt_bb_top_spacing_extra_large bt_bb_bottom_spacing_extra_large\" style=\"; --section-primary-color:#ffffff; --section-secondary-color:#191919;\" data-bt-override-class=\"null\"><div class=\"bt_bb_background_image_holder_wrapper\"><div class=\"bt_bb_background_image_holder bt_bb_parallax\"  data-parallax=\"0.6\" data-parallax-offset=\"0\" data-parallax-zoom-start=\"1\" data-parallax-zoom-end=\"1\" data-parallax-blur-start=\"0\" data-parallax-blur-end=\"0\" data-parallax-opacity-start=\"1\" data-parallax-opacity-end=\"1\" style=\" background-image:url(&#039;https:\/\/www.fleurus-athletisme.be\/Fleu\/wp-content\/uploads\/2019\/09\/home-page-1.png&#039;);\"><\/div><\/div><div class=\"bt_bb_port\"><div class=\"bt_bb_cell\"><div class=\"bt_bb_cell_inner\"><div class=\"bt_bb_row \"  data-bt-override-class=\"{}\"><div class=\"bt_bb_row_holder\" ><div  class=\"bt_bb_column col-xxl-12 col-xl-12 bt_bb_vertical_align_top bt_bb_align_center bt_bb_padding_normal\" style=\"; --column-width:12;\" data-width=\"12\" data-bt-override-class=\"{}\"><div class=\"bt_bb_column_content\"><div class=\"bt_bb_column_content_inner\"><header class=\"bt_bb_headline bt_bb_font_weight_lighter bt_bb_color_scheme_10 bt_bb_dash_none bt_bb_size_huge bt_bb_align_inherit\" style=\"; --primary-color:#ffffff; --secondary-color:#c9c202;\" data-bt-override-class=\"{}\"><h2 class=\"bt_bb_headline_tag\"><span class=\"bt_bb_headline_content\"><span><strong>FLEURUS<\/strong> Athl\u00e9tisme<\/span><\/span><\/h2><\/header><div class=\"bt_bb_separator bt_bb_border_style_none bt_bb_top_spacing_extra_large bt_bb_bottom_spacing_small\" style=\"margin-top:20px;\" data-bt-override-class=\"null\"><\/div><\/div><\/div><\/div><\/div><\/div><div class=\"bt_bb_row \"  data-bt-override-class=\"{}\"><div class=\"bt_bb_row_holder\" ><div  class=\"bt_bb_column col-xxl-12 col-xl-12 bt_bb_vertical_align_middle bt_bb_align_center bt_bb_padding_normal\" style=\"; --column-width:12;\" data-width=\"12\" data-bt-override-class=\"{}\"><div class=\"bt_bb_column_content\"><div class=\"bt_bb_column_content_inner\"><header class=\"bt_bb_headline bt_bb_font_weight_lighter bt_bb_color_scheme_10 bt_bb_dash_none bt_bb_size_huge bt_bb_align_inherit\" style=\"; --primary-color:#ffffff; --secondary-color:#c9c202;\" data-bt-override-class=\"{&quot;bt_bb_size_&quot;:{&quot;current_class&quot;:&quot;bt_bb_size_huge&quot;,&quot;xxl&quot;:&quot;huge&quot;,&quot;xl&quot;:&quot;huge&quot;},&quot;bt_bb_align_&quot;:{&quot;current_class&quot;:&quot;bt_bb_align_inherit&quot;,&quot;xxl&quot;:&quot;inherit&quot;,&quot;xl&quot;:&quot;inherit&quot;}}\"><h2 class=\"bt_bb_headline_tag\"><span class=\"bt_bb_headline_content\"><span> <\/span><\/span><\/h2><\/header><div class=\"bt_bb_separator bt_bb_border_style_none bt_bb_top_spacing_extra_large\" style=\"margin-top:20px;\" data-bt-override-class=\"null\"><\/div><\/div><\/div><\/div><\/div><\/div><div class=\"bt_bb_row \"  data-bt-override-class=\"{}\"><div class=\"bt_bb_row_holder\" ><div  class=\"bt_bb_column col-xxl-12 col-xl-12 bt_bb_vertical_align_middle bt_bb_align_center bt_bb_padding_normal\" style=\"; --column-width:12;\" data-width=\"12\" data-bt-override-class=\"{}\"><div class=\"bt_bb_column_content\"><div class=\"bt_bb_column_content_inner\"><header class=\"bt_bb_headline bt_bb_font_weight_lighter bt_bb_color_scheme_10 bt_bb_dash_none bt_bb_size_huge bt_bb_align_inherit\" style=\"; --primary-color:#ffffff; --secondary-color:#c9c202;\" data-bt-override-class=\"{}\"><h2 class=\"bt_bb_headline_tag\"><span class=\"bt_bb_headline_content\"><span> <\/span><\/span><\/h2><\/header><div class=\"bt_bb_separator bt_bb_border_style_none bt_bb_top_spacing_extra_large\" style=\"margin-top:20px;\" data-bt-override-class=\"null\"><\/div><\/div><\/div><\/div><\/div><\/div><\/div><!-- cell_inner --><\/div><!-- cell --><\/div><!-- port --><\/section><section id=\"bt_bb_section69f1cfe4d6dd7\" class=\"bt_bb_section bt_bb_layout_boxed_1200\"  data-bt-override-class=\"null\"><div class=\"bt_bb_port\"><div class=\"bt_bb_cell\"><div class=\"bt_bb_cell_inner\"><div data-bb-version=\"4.9.1\" class=\"bt_bb_row \"  data-bt-override-class=\"{}\"><div class=\"bt_bb_row_holder\" ><div data-bb-version=\"4.9.1\"  class=\"bt_bb_column col-xxl-12 col-xl-12 col-xs-12 col-sm-12 col-md-12 col-lg-12 bt_bb_vertical_align_top bt_bb_align_left bt_bb_padding_normal\" style=\"; --column-width:12;\" data-width=\"12\" data-bt-override-class=\"{}\"><div class=\"bt_bb_column_content\"><div class=\"bt_bb_column_content_inner\"><div data-bb-version=\"4.9.1\" class=\"bt_bb_separator bt_bb_border_style_none bt_bb_top_spacing_medium bt_bb_bottom_spacing_none\" data-bt-override-class=\"{&quot;bt_bb_top_spacing_&quot;:{&quot;current_class&quot;:&quot;bt_bb_top_spacing_medium&quot;,&quot;xxl&quot;:&quot;medium&quot;},&quot;bt_bb_bottom_spacing_&quot;:{&quot;current_class&quot;:&quot;bt_bb_bottom_spacing_none&quot;,&quot;xxl&quot;:&quot;none&quot;}}\"><\/div><header data-bb-version=\"4.9.1\" class=\"bt_bb_headline bt_bb_subheadline_text_transform_default bt_bb_dash_none bt_bb_size_inherit bt_bb_align_inherit\" style=\";font-family:&#039;Akshar&#039;;color:rgb(0,0,0);border-color:rgb(0,0,0);\" data-bt-override-class=\"{&quot;bt_bb_size_&quot;:{&quot;current_class&quot;:&quot;bt_bb_size_inherit&quot;,&quot;xxl&quot;:&quot;inherit&quot;},&quot;bt_bb_align_&quot;:{&quot;current_class&quot;:&quot;bt_bb_align_inherit&quot;,&quot;xxl&quot;:&quot;inherit&quot;}}\"><h1 style=\"font-family:'Akshar'\" class=\"bt_bb_headline_tag\"><span class=\"bt_bb_headline_content\"><span>&gt; Toutes les nouvelles inscriptions pour les nouveaux enfants de 6 \u00e0 12 ans vont d\u00e9sormais sur liste d'attente (saison 2025-2026)<br \/><br \/>\n<\/span><\/span><\/h1><\/header><div data-bb-version=\"4.9.1\" class=\"bt_bb_separator bt_bb_border_style_none bt_bb_top_spacing_large bt_bb_bottom_spacing_none\" data-bt-override-class=\"{&quot;bt_bb_top_spacing_&quot;:{&quot;current_class&quot;:&quot;bt_bb_top_spacing_large&quot;,&quot;xxl&quot;:&quot;large&quot;},&quot;bt_bb_bottom_spacing_&quot;:{&quot;current_class&quot;:&quot;bt_bb_bottom_spacing_none&quot;,&quot;xxl&quot;:&quot;none&quot;}}\"><\/div><\/div><\/div><\/div><\/div><\/div><\/div><!-- cell_inner --><\/div><!-- cell --><\/div><!-- port --><\/section><section id=\"bt_bb_section69f1cfe4d707f\" class=\"bt_bb_section bt_bb_color_scheme_2 bt_bb_layout_boxed_right_1200 bt_bb_vertical_align_top bt_bb_top_negative_margin_large bt_bb_highlight_shadow\" style=\"; --section-primary-color:#191919; --section-secondary-color:#ffffff;\" data-bt-override-class=\"null\"><div class=\"bt_bb_port\"><div class=\"bt_bb_cell\"><div class=\"bt_bb_cell_inner\"><div class=\"bt_bb_row \"  data-bt-override-class=\"{}\"><div class=\"bt_bb_row_holder\" ><\/div><\/div><div class=\"bt_bb_row \"  data-bt-override-class=\"{}\"><div class=\"bt_bb_row_holder\" ><div  class=\"bt_bb_column col-xxl-6 col-xl-6 bt_bb_vertical_align_middle bt_bb_align_left bt_bb_padding_normal bt_bb_animation_fade_in animate\" style=\"; --column-width:6;\" data-width=\"6\" data-bt-override-class=\"{}\"><div class=\"bt_bb_column_content\"><div class=\"bt_bb_column_content_inner\"><div class=\"bt_bb_separator bt_bb_border_style_none bt_bb_top_spacing_medium\" data-bt-override-class=\"null\"><\/div><header class=\"bt_bb_headline bt_bb_font_weight_light bt_bb_color_scheme_5 bt_bb_dash_top bt_bb_subheadline bt_bb_size_normal bt_bb_align_inherit\" style=\"; --primary-color:#191919; --secondary-color:#000000;\" data-bt-override-class=\"{}\"><h4 class=\"bt_bb_headline_tag\"><span class=\"bt_bb_headline_content\"><span>FLEURUS <strong>Athl\u00e9tisme<\/strong><\/span><\/span><\/h4><div class=\"bt_bb_headline_subheadline\">Bonjour et bienvenue sur le site de Fleurus Athl\u00e9tisme, nous sommes heureux de vous y accueillir.<\/p><br \/>\n<p>Fleurus est avant tout un club convivial avec des valeurs qui lui sont propres. Voici en quelques points, les atouts repr\u00e9sentant l\u2019esprit du club :<br \/><br \/>\n- Fleurus est un club compos\u00e9 de plus de 500 affili\u00e9s.<br \/><br \/>\n- Nous accueillons les athl\u00e8tes quels que soient leur \u00e2ge et niveau afin de les aider \u00e0 pratiquer ou \u00e0 d\u00e9couvrir l\u2019athl\u00e9tisme dans une ambiance \u00ab familiale et conviviale \u00bb.<br \/><br \/>\n- Aucune obligation de r\u00e9aliser des r\u00e9sultats n\u2019existe.<br \/><br \/>\n- Notre objectif n\u2019est pas de cr\u00e9er une \u00e9lite mais bien de d\u00e9couvrir ce sport, de s\u2019amuser, d\u2019essayer de progresser, mais surtout, de le faire tous ensemble.<br \/><br \/>\n- L\u2019ambiance d\u2019un \u00ab club \u00bb est un facteur extr\u00eamement motivant. Surtout pour un sport individuel comme le n\u00f4tre.<br \/><br \/>\n- Chaque ann\u00e9e nous organisons : challenges, courses, soupers, stages, ...<br \/><br \/>\n<\/div><\/header><div class=\"bt_bb_separator bt_bb_border_style_none bt_bb_bottom_spacing_small\" data-bt-override-class=\"null\"><\/div><div class=\"bt_bb_separator bt_bb_border_style_none bt_bb_bottom_spacing_normal\" data-bt-override-class=\"null\"><\/div><div class=\"bt_bb_button bt_bb_color_scheme_4 bt_bb_icon_position_left bt_bb_style_outline bt_bb_size_medium bt_bb_width_inline bt_bb_shape_inherit bt_bb_target_self bt_bb_align_inherit\" style=\"; --primary-color:#000000; --secondary-color:#ffffff;\" data-bt-override-class=\"{}\"><a href=\"https:\/\/www.fleurus-athletisme.be\/Fleu\/about-us\/\" target=\"_self\" class=\"bt_bb_link\" title=\"EN SAVOIR PLUS\"><span class=\"bt_bb_button_text\" >EN SAVOIR PLUS<\/span><\/a><\/div><div class=\"bt_bb_separator bt_bb_border_style_none bt_bb_bottom_spacing_large\" data-bt-override-class=\"null\"><\/div><\/div><\/div><\/div><div  class=\"bt_bb_column col-xxl-6 col-xl-6 bt_bb_vertical_align_middle bt_bb_align_left bt_bb_padding_normal bt_bb_animation_fade_in animate\" style=\"; --column-width:6;\" data-width=\"6\" data-bt-override-class=\"{}\"><div class=\"bt_bb_column_content\"><div class=\"bt_bb_column_content_inner\"><div class=\"bt_bb_separator bt_bb_border_style_none bt_bb_top_spacing_medium\" data-bt-override-class=\"null\"><\/div><div data-bb-version=\"4.7.6\" class=\"bt_bb_image bt_bb_shape_square bt_bb_target_self bt_bb_align_inherit bt_bb_hover_style_simple bt_bb_content_display_always bt_bb_content_align_middle\" data-bt-override-class=\"{&quot;bt_bb_align_&quot;:{&quot;current_class&quot;:&quot;bt_bb_align_inherit&quot;,&quot;xxl&quot;:&quot;inherit&quot;},&quot;bt_bb_content_display_&quot;:{&quot;current_class&quot;:&quot;bt_bb_content_display_always&quot;,&quot;xxl&quot;:&quot;always&quot;}}\"><span><img fetchpriority=\"high\" decoding=\"async\" width=\"2048\" height=\"1365\" src=\"https:\/\/www.fleurus-athletisme.be\/Fleu\/wp-content\/uploads\/2023\/12\/Fleu_affichage.jpeg\" class=\"attachment-full size-full\" alt=\"https:\/\/www.fleurus-athletisme.be\/Fleu\/wp-content\/uploads\/2023\/12\/Fleu_affichage.jpeg\" data-full_image_src=\"https:\/\/www.fleurus-athletisme.be\/Fleu\/wp-content\/uploads\/2023\/12\/Fleu_affichage.jpeg\" title=\"Fleu_affichage\" srcset=\"https:\/\/www.fleurus-athletisme.be\/Fleu\/wp-content\/uploads\/2023\/12\/Fleu_affichage.jpeg 2048w, https:\/\/www.fleurus-athletisme.be\/Fleu\/wp-content\/uploads\/2023\/12\/Fleu_affichage-640x427.jpeg 640w, https:\/\/www.fleurus-athletisme.be\/Fleu\/wp-content\/uploads\/2023\/12\/Fleu_affichage-1280x853.jpeg 1280w, https:\/\/www.fleurus-athletisme.be\/Fleu\/wp-content\/uploads\/2023\/12\/Fleu_affichage-768x512.jpeg 768w, https:\/\/www.fleurus-athletisme.be\/Fleu\/wp-content\/uploads\/2023\/12\/Fleu_affichage-1536x1024.jpeg 1536w, https:\/\/www.fleurus-athletisme.be\/Fleu\/wp-content\/uploads\/2023\/12\/Fleu_affichage-320x213.jpeg 320w\" sizes=\"(max-width: 2048px) 100vw, 2048px\" \/><\/span><\/div><div class=\"bt_bb_separator bt_bb_border_style_none bt_bb_bottom_spacing_large\" data-bt-override-class=\"null\"><\/div><\/div><\/div><\/div><\/div><\/div><\/div><!-- cell_inner --><\/div><!-- cell --><\/div><!-- port --><\/section><section id=\"bt_bb_section69f1cfe4d7b4a\" class=\"bt_bb_section bt_bb_color_scheme_2 bt_bb_layout_boxed_1200 bt_bb_vertical_align_top bt_bb_top_spacing_large bt_bb_bottom_spacing_large\" style=\"; --section-primary-color:#191919; --section-secondary-color:#ffffff;\" data-bt-override-class=\"null\"><div class=\"bt_bb_port\"><div class=\"bt_bb_cell\"><div class=\"bt_bb_cell_inner\"><div class=\"bt_bb_row \"  data-bt-override-class=\"{}\"><div class=\"bt_bb_row_holder\" ><div  class=\"bt_bb_column col-xxl-12 col-xl-12 bt_bb_vertical_align_top bt_bb_align_center bt_bb_padding_normal bt_bb_animation_fade_in animate\" style=\"; --column-width:12;\" data-width=\"12\" data-bt-override-class=\"{}\"><div class=\"bt_bb_column_content\"><div class=\"bt_bb_column_content_inner\"><header class=\"bt_bb_headline bt_bb_font_weight_light bt_bb_color_scheme_5 bt_bb_dash_none bt_bb_superheadline bt_bb_size_normal bt_bb_align_inherit\" style=\"; --primary-color:#191919; --secondary-color:#000000;\" data-bt-override-class=\"{}\"><h2 class=\"bt_bb_headline_tag\"><span class=\"bt_bb_headline_superheadline\">FLEURUS Athl\u00e9tisme<\/span><span class=\"bt_bb_headline_content\"><span>DERNIERES <strong>NOUVELLES<\/strong><\/span><\/span><\/h2><\/header><div class=\"bt_bb_separator bt_bb_border_style_none bt_bb_bottom_spacing_medium\" data-bt-override-class=\"null\"><\/div><\/div><\/div><\/div><\/div><\/div><div class=\"bt_bb_row \"  data-bt-override-class=\"{}\"><div class=\"bt_bb_row_holder\" ><div  class=\"bt_bb_column col-xxl-12 col-xl-12 bt_bb_vertical_align_top bt_bb_align_left bt_bb_padding_normal bt_bb_animation_fade_in animate\" style=\"; --column-width:12;\" data-width=\"12\" data-bt-override-class=\"{}\"><div class=\"bt_bb_column_content\"><div class=\"bt_bb_column_content_inner\"><div data-bb-version=\"4.7.6\" class=\"bt_bb_latest_posts bt_bb_columns_4 bt_bb_gap_normal bt_bb_image_shape_square\"><div class=\"bt_bb_latest_posts_item\"><div class=\"bt_bb_latest_posts_item_image\"><a href=\"https:\/\/www.fleurus-athletisme.be\/Fleu\/2023\/04\/28\/championnats-du-hainaut-2\/\" target=\"_blank\"><img decoding=\"async\" src=\"https:\/\/www.fleurus-athletisme.be\/Fleu\/wp-content\/uploads\/2023\/04\/Championnat.jpg\" alt=\"Championnats du Hainaut\" title=\"Championnats du Hainaut\"><\/a><span class=\"bt_bb_latest_posts_item_date\"><span class=\"btDay\">28<\/span><span class=\"btMonth\">Avr<\/span><\/span><\/div><div class=\"bt_bb_latest_posts_item_content\"><div class=\"bt_bb_latest_posts_item_category\"><ul class=\"post-categories\">\n\t<li><a href=\"https:\/\/www.fleurus-athletisme.be\/Fleu\/category\/championnats\/\" rel=\"category tag\">Championnats<\/a><\/li><\/ul><\/div><h5 class=\"bt_bb_latest_posts_item_title\"><a href=\"https:\/\/www.fleurus-athletisme.be\/Fleu\/2023\/04\/28\/championnats-du-hainaut-2\/\" target=\"_blank\">Championnats du Hainaut<\/a><\/h5><div class=\"bt_bb_latest_posts_item_excerpt\">Que de beaux championnats provinciaux pour ouvrir la saison de la majorit\u00e9 de nos athl\u00e8tes. Malgr\u00e9 des conditions climatiques difficiles et de longs retards, les trente athl\u00e8tes ont gard\u00e9 le sourire et la motivation tout au long de la journ\u00e9e. Le club ram\u00e8ne 12 m\u00e9dailles de ces championnats du Hainaut. &nbsp; Cadet\/tes No\u00e9mie Somville remporte...<\/div><\/div><\/div><div class=\"bt_bb_latest_posts_item\"><div class=\"bt_bb_latest_posts_item_image\"><a href=\"https:\/\/www.fleurus-athletisme.be\/Fleu\/2023\/04\/21\/premier-weekend-outdoor\/\" target=\"_blank\"><img decoding=\"async\" src=\"https:\/\/www.fleurus-athletisme.be\/Fleu\/wp-content\/uploads\/2023\/04\/WE_OUT.jpeg\" alt=\"Premier weekend outdoor\" title=\"Premier weekend outdoor\"><\/a><span class=\"bt_bb_latest_posts_item_date\"><span class=\"btDay\">21<\/span><span class=\"btMonth\">Avr<\/span><\/span><\/div><div class=\"bt_bb_latest_posts_item_content\"><div class=\"bt_bb_latest_posts_item_category\"><ul class=\"post-categories\">\n\t<li><a href=\"https:\/\/www.fleurus-athletisme.be\/Fleu\/category\/competitions\/\" rel=\"category tag\">Comp\u00e9titions<\/a><\/li>\n\t<li><a href=\"https:\/\/www.fleurus-athletisme.be\/Fleu\/category\/demi-fond\/\" rel=\"category tag\">Demi-fond<\/a><\/li>\n\t<li><a href=\"https:\/\/www.fleurus-athletisme.be\/Fleu\/category\/records\/\" rel=\"category tag\">Records<\/a><\/li>\n\t<li><a href=\"https:\/\/www.fleurus-athletisme.be\/Fleu\/category\/sauts\/\" rel=\"category tag\">Sauts<\/a><\/li>\n\t<li><a href=\"https:\/\/www.fleurus-athletisme.be\/Fleu\/category\/sprint\/\" rel=\"category tag\">Sprint<\/a><\/li><\/ul><\/div><h5 class=\"bt_bb_latest_posts_item_title\"><a href=\"https:\/\/www.fleurus-athletisme.be\/Fleu\/2023\/04\/21\/premier-weekend-outdoor\/\" target=\"_blank\">Premier weekend outdoor<\/a><\/h5><div class=\"bt_bb_latest_posts_item_excerpt\">Avril rime avec premi\u00e8res sorties outdoor pour les pistards. &nbsp; GOSP &#8211; 14 avril D\u00e9placement de l&rsquo;\u00e9cole des jeunes au premier meeting des stars. Deux \u00e9preuves au programme de nos BPM : longueur et poids. Que des records personnels pour tous nos athl\u00e8tes ! Chez les benjamins,\u00a0Sacha Polus retombe \u00e0 2m05 dans le bac \u00e0...<\/div><\/div><\/div><div class=\"bt_bb_latest_posts_item\"><div class=\"bt_bb_latest_posts_item_image\"><a href=\"https:\/\/www.fleurus-athletisme.be\/Fleu\/2023\/03\/28\/mars-mois-de-championnats\/\" target=\"_blank\"><img decoding=\"async\" src=\"https:\/\/www.fleurus-athletisme.be\/Fleu\/wp-content\/uploads\/2023\/04\/Mois_championnat.jpeg\" alt=\"Mars, mois de championnats\" title=\"Mars, mois de championnats\"><\/a><span class=\"bt_bb_latest_posts_item_date\"><span class=\"btDay\">28<\/span><span class=\"btMonth\">Mar<\/span><\/span><\/div><div class=\"bt_bb_latest_posts_item_content\"><div class=\"bt_bb_latest_posts_item_category\"><ul class=\"post-categories\">\n\t<li><a href=\"https:\/\/www.fleurus-athletisme.be\/Fleu\/category\/championnats\/\" rel=\"category tag\">Championnats<\/a><\/li>\n\t<li><a href=\"https:\/\/www.fleurus-athletisme.be\/Fleu\/category\/competitions\/\" rel=\"category tag\">Comp\u00e9titions<\/a><\/li>\n\t<li><a href=\"https:\/\/www.fleurus-athletisme.be\/Fleu\/category\/jogging\/\" rel=\"category tag\">Jogging<\/a><\/li><\/ul><\/div><h5 class=\"bt_bb_latest_posts_item_title\"><a href=\"https:\/\/www.fleurus-athletisme.be\/Fleu\/2023\/03\/28\/mars-mois-de-championnats\/\" target=\"_blank\">Mars, mois de championnats<\/a><\/h5><div class=\"bt_bb_latest_posts_item_excerpt\">C'est la fin de la saison hivernale. En mars, nos athl\u00e8tes ont pris part aux derniers championnats de cross et indoor. Championnats de Belgique cadets\/scolaires Ils \u00e9taient trois \u00e0 nous repr\u00e9senter lors de ces championnats pour affronter le gratin belge. En cadet, Diego Somaschini court son 800m en 2:18.04 (15e). Toujours sur 800m mais chez...<\/div><\/div><\/div><div class=\"bt_bb_latest_posts_item\"><div class=\"bt_bb_latest_posts_item_image\"><a href=\"https:\/\/www.fleurus-athletisme.be\/Fleu\/2023\/02\/27\/lucien-champion-de-belgique-master\/\" target=\"_blank\"><img decoding=\"async\" src=\"https:\/\/www.fleurus-athletisme.be\/Fleu\/wp-content\/uploads\/2023\/04\/Lucien_champion.jpeg\" alt=\"Lucien, champion de Belgique master\" title=\"Lucien, champion de Belgique master\"><\/a><span class=\"bt_bb_latest_posts_item_date\"><span class=\"btDay\">27<\/span><span class=\"btMonth\">F\u00e9v<\/span><\/span><\/div><div class=\"bt_bb_latest_posts_item_content\"><div class=\"bt_bb_latest_posts_item_category\"><ul class=\"post-categories\">\n\t<li><a href=\"https:\/\/www.fleurus-athletisme.be\/Fleu\/category\/championnats\/\" rel=\"category tag\">Championnats<\/a><\/li>\n\t<li><a href=\"https:\/\/www.fleurus-athletisme.be\/Fleu\/category\/competitions\/\" rel=\"category tag\">Comp\u00e9titions<\/a><\/li>\n\t<li><a href=\"https:\/\/www.fleurus-athletisme.be\/Fleu\/category\/cross\/\" rel=\"category tag\">Cross<\/a><\/li>\n\t<li><a href=\"https:\/\/www.fleurus-athletisme.be\/Fleu\/category\/jogging\/\" rel=\"category tag\">Jogging<\/a><\/li><\/ul><\/div><h5 class=\"bt_bb_latest_posts_item_title\"><a href=\"https:\/\/www.fleurus-athletisme.be\/Fleu\/2023\/02\/27\/lucien-champion-de-belgique-master\/\" target=\"_blank\">Lucien, champion de Belgique master<\/a><\/h5><div class=\"bt_bb_latest_posts_item_excerpt\">Une nouvelle fois, vous \u00e9tiez pr\u00e9sents sur tous les fronts. Championnats de Belgique master en salle, championnats de Belgique de cross, trail et joggings, on ne sait plus o\u00f9 donner de la t\u00eate. &nbsp; Championnats de Belgique master C&rsquo;est la performance du week-end, Lucien Theys s&rsquo;est adjug\u00e9 l&rsquo;or sur 800m dans sa nouvelle cat\u00e9gorie (M60)....<\/div><\/div><\/div><\/div><\/div><\/div><\/div><\/div><\/div><div class=\"bt_bb_row \"  data-bt-override-class=\"{}\"><div class=\"bt_bb_row_holder\" ><div  class=\"bt_bb_column col-xxl-12 col-xl-12 bt_bb_vertical_align_top bt_bb_align_center bt_bb_padding_normal bt_bb_animation_fade_in animate\" style=\"; --column-width:12;\" data-width=\"12\" data-bt-override-class=\"{}\"><div class=\"bt_bb_column_content\"><div class=\"bt_bb_column_content_inner\"><div class=\"bt_bb_separator bt_bb_border_style_none bt_bb_bottom_spacing_medium\" data-bt-override-class=\"null\"><\/div><div class=\"bt_bb_button bt_bb_color_scheme_6 bt_bb_icon_position_left bt_bb_style_filled bt_bb_size_medium bt_bb_width_inline bt_bb_shape_inherit bt_bb_target_blank bt_bb_align_inherit\" style=\"; --primary-color:#ffffff; --secondary-color:#000000;\" data-bt-override-class=\"{}\"><a href=\"http:\/\/www.fleurus-athletisme.be\/Fleu\/?page_id=956\" target=\"_blank\" class=\"bt_bb_link\" title=\"PLUS DE NOUVELLES\"><span class=\"bt_bb_button_text\" >PLUS DE NOUVELLES<\/span><\/a><\/div><div class=\"bt_bb_separator bt_bb_border_style_none bt_bb_bottom_spacing_extra_large\" data-bt-override-class=\"null\"><\/div><\/div><\/div><\/div><\/div><\/div><\/div><!-- cell_inner --><\/div><!-- cell --><\/div><!-- port --><\/section><\/p>\n","protected":false},"excerpt":{"rendered":"<p>Leverage agile frameworks to provide a robust synopsis for high level overviews. <\/p>\n","protected":false},"author":1,"featured_media":0,"parent":0,"menu_order":0,"comment_status":"closed","ping_status":"closed","template":"","meta":{"footnotes":""},"class_list":["post-213671","page","type-page","status-publish","hentry"],"_links":{"self":[{"href":"https:\/\/www.fleurus-athletisme.be\/Fleu\/wp-json\/wp\/v2\/pages\/213671","targetHints":{"allow":["GET"]}}],"collection":[{"href":"https:\/\/www.fleurus-athletisme.be\/Fleu\/wp-json\/wp\/v2\/pages"}],"about":[{"href":"https:\/\/www.fleurus-athletisme.be\/Fleu\/wp-json\/wp\/v2\/types\/page"}],"author":[{"embeddable":true,"href":"https:\/\/www.fleurus-athletisme.be\/Fleu\/wp-json\/wp\/v2\/users\/1"}],"replies":[{"embeddable":true,"href":"https:\/\/www.fleurus-athletisme.be\/Fleu\/wp-json\/wp\/v2\/comments?post=213671"}],"version-history":[{"count":9,"href":"https:\/\/www.fleurus-athletisme.be\/Fleu\/wp-json\/wp\/v2\/pages\/213671\/revisions"}],"predecessor-version":[{"id":217015,"href":"https:\/\/www.fleurus-athletisme.be\/Fleu\/wp-json\/wp\/v2\/pages\/213671\/revisions\/217015"}],"wp:attachment":[{"href":"https:\/\/www.fleurus-athletisme.be\/Fleu\/wp-json\/wp\/v2\/media?parent=213671"}],"curies":[{"name":"wp","href":"https:\/\/api.w.org\/{rel}","templated":true}]}}