{"id":164,"date":"2017-10-27T09:09:28","date_gmt":"2017-10-27T09:09:28","guid":{"rendered":"http:\/\/oxygen-club.omnicom-dev.com\/main-demo\/?page_id=164"},"modified":"2017-10-27T09:09:28","modified_gmt":"2017-10-27T09:09:28","slug":"sponsors","status":"publish","type":"page","link":"https:\/\/www.fleurus-athletisme.be\/Fleu\/about-us\/sponsors\/","title":{"rendered":"Sponsors"},"content":{"rendered":"<p><section id=\"bt_bb_section69f1e2ac6e114\" class=\"bt_bb_section bt_bb_color_scheme_2 bt_bb_layout_boxed_1200 bt_bb_vertical_align_top bt_bb_top_spacing_large bt_bb_bottom_spacing_medium\" style=\"; --section-primary-color:#191919; --section-secondary-color:#ffffff;\" data-bt-override-class=\"null\"><div class=\"bt_bb_port\"><div class=\"bt_bb_cell\"><div class=\"bt_bb_cell_inner\"><div class=\"bt_bb_row \"  data-bt-override-class=\"{}\"><div class=\"bt_bb_row_holder\" ><div  class=\"bt_bb_column col-xxl-3 col-xl-3 bt_bb_vertical_align_top bt_bb_align_left bt_bb_padding_normal\" style=\"; --column-width:3;\" data-width=\"3\" data-bt-override-class=\"{}\"><div class=\"bt_bb_column_content\"><div class=\"bt_bb_column_content_inner\"><\/div><\/div><\/div><div  class=\"bt_bb_column col-xxl-6 col-xl-6 bt_bb_vertical_align_top bt_bb_align_center bt_bb_padding_normal bt_bb_animation_fade_in animate\" style=\"; --column-width:6;\" data-width=\"6\" data-bt-override-class=\"{}\"><div class=\"bt_bb_column_content\"><div class=\"bt_bb_column_content_inner\"><header class=\"bt_bb_headline bt_bb_font_weight_light bt_bb_color_scheme_5 bt_bb_dash_none bt_bb_size_normal bt_bb_align_inherit\" style=\"; --primary-color:#191919; --secondary-color:#000000;\" data-bt-override-class=\"{}\"><h2 class=\"bt_bb_headline_tag\"><span class=\"bt_bb_headline_content\"><span><strong>PARTENAIRES<\/strong><\/span><\/span><\/h2><\/header><div class=\"bt_bb_separator bt_bb_border_style_none bt_bb_bottom_spacing_medium\" style=\"margin-top:20px;\" data-bt-override-class=\"null\"><\/div><\/div><\/div><\/div><div  class=\"bt_bb_column col-xxl-3 col-xl-3 bt_bb_vertical_align_top bt_bb_align_left bt_bb_padding_normal\" style=\"; --column-width:3;\" data-width=\"3\" data-bt-override-class=\"{}\"><div class=\"bt_bb_column_content\"><div class=\"bt_bb_column_content_inner\"><\/div><\/div><\/div><\/div><\/div><div class=\"bt_bb_row \"  data-bt-override-class=\"{}\"><div class=\"bt_bb_row_holder\" ><div  class=\"bt_bb_column col-xxl-6 col-xl-6 col-xs-12 col-sm-6 col-md-6 col-lg-6 bt_bb_vertical_align_top bt_bb_align_center bt_bb_padding_normal bt_bb_animation_fade_in animate\" style=\"; --column-width:6;\" data-width=\"6\" data-bt-override-class=\"{}\"><div class=\"bt_bb_column_content\"><div class=\"bt_bb_column_content_inner\"><div class=\"bt_bb_image bt_bb_shape_square bt_bb_target_self bt_bb_align_inherit bt_bb_hover_style_to-grayscale bt_bb_content_display_always bt_bb_content_align_middle\" data-bt-override-class=\"{&quot;bt_bb_align_&quot;:{&quot;current_class&quot;:&quot;bt_bb_align_inherit&quot;,&quot;xxl&quot;:&quot;inherit&quot;,&quot;xl&quot;:&quot;inherit&quot;}}\"><span><img decoding=\"async\" width=\"239\" height=\"164\" src=\"https:\/\/www.fleurus-athletisme.be\/Fleu\/wp-content\/uploads\/2021\/12\/logo-etiquettes.jpg\" class=\"attachment-full size-full\" alt=\"Sponsor TRAITEUR BERNARD\" data-full_image_src=\"https:\/\/www.fleurus-athletisme.be\/Fleu\/wp-content\/uploads\/2021\/12\/logo-etiquettes.jpg\" title=\"logo e\u0301tiquettes\" \/><\/span><\/div><div class=\"bt_bb_separator bt_bb_border_style_none bt_bb_bottom_spacing_medium\" style=\"margin-top:20px;\" data-bt-override-class=\"null\"><\/div><\/div><\/div><\/div><div  class=\"bt_bb_column col-xxl-6 col-xl-6 col-xs-12 col-sm-6 col-md-6 col-lg-6 bt_bb_vertical_align_top bt_bb_align_center bt_bb_padding_normal bt_bb_animation_fade_in animate\" style=\"; --column-width:6;\" data-width=\"6\" data-bt-override-class=\"{}\"><div class=\"bt_bb_column_content\"><div class=\"bt_bb_column_content_inner\"><div class=\"bt_bb_image bt_bb_shape_square bt_bb_target_self bt_bb_align_inherit bt_bb_hover_style_to-grayscale bt_bb_content_display_always bt_bb_content_align_middle\" data-bt-override-class=\"{&quot;bt_bb_align_&quot;:{&quot;current_class&quot;:&quot;bt_bb_align_inherit&quot;,&quot;xxl&quot;:&quot;inherit&quot;,&quot;xl&quot;:&quot;inherit&quot;}}\"><span><img fetchpriority=\"high\" decoding=\"async\" width=\"1591\" height=\"535\" src=\"https:\/\/www.fleurus-athletisme.be\/Fleu\/wp-content\/uploads\/2021\/12\/TraKKs-Logo-1.jpg\" class=\"attachment-full size-full\" alt=\"Sponsor TRAKKS\" data-full_image_src=\"https:\/\/www.fleurus-athletisme.be\/Fleu\/wp-content\/uploads\/2021\/12\/TraKKs-Logo-1.jpg\" title=\"TraKKs-Logo\" srcset=\"https:\/\/www.fleurus-athletisme.be\/Fleu\/wp-content\/uploads\/2021\/12\/TraKKs-Logo-1.jpg 1591w, https:\/\/www.fleurus-athletisme.be\/Fleu\/wp-content\/uploads\/2021\/12\/TraKKs-Logo-1-640x215.jpg 640w, https:\/\/www.fleurus-athletisme.be\/Fleu\/wp-content\/uploads\/2021\/12\/TraKKs-Logo-1-1280x430.jpg 1280w, https:\/\/www.fleurus-athletisme.be\/Fleu\/wp-content\/uploads\/2021\/12\/TraKKs-Logo-1-768x258.jpg 768w, https:\/\/www.fleurus-athletisme.be\/Fleu\/wp-content\/uploads\/2021\/12\/TraKKs-Logo-1-1536x517.jpg 1536w, https:\/\/www.fleurus-athletisme.be\/Fleu\/wp-content\/uploads\/2021\/12\/TraKKs-Logo-1-320x108.jpg 320w\" sizes=\"(max-width: 1591px) 100vw, 1591px\" \/><\/span><\/div><div class=\"bt_bb_separator bt_bb_border_style_none bt_bb_bottom_spacing_medium\" style=\"margin-top:20px;\" data-bt-override-class=\"null\"><\/div><\/div><\/div><\/div><\/div><\/div><\/div><!-- cell_inner --><\/div><!-- cell --><\/div><!-- port --><\/section><section id=\"bt_bb_section69f1e2ac6eba9\" class=\"bt_bb_section bt_bb_layout_boxed_1200\"  data-bt-override-class=\"null\"><div class=\"bt_bb_port\"><div class=\"bt_bb_cell\"><div class=\"bt_bb_cell_inner\"><div class=\"bt_bb_row \"  data-bt-override-class=\"{}\"><div class=\"bt_bb_row_holder\" ><div  class=\"bt_bb_column col-xxl-12 col-xl-12 bt_bb_vertical_align_top bt_bb_align_left bt_bb_padding_normal\" style=\"; --column-width:12;\" data-width=\"12\" data-bt-override-class=\"{}\"><div class=\"bt_bb_column_content\"><div class=\"bt_bb_column_content_inner\"><div class=\"bt_bb_separator bt_bb_border_style_none bt_bb_bottom_spacing_medium\" data-bt-override-class=\"null\"><\/div><header class=\"bt_bb_headline bt_bb_dash_none bt_bb_subheadline bt_bb_size_inherit bt_bb_align_inherit\" data-bt-override-class=\"{}\"><h1 class=\"bt_bb_headline_tag\"><span class=\"bt_bb_headline_content\"><span>Devenir sponsor<\/span><\/span><\/h1><div class=\"bt_bb_headline_subheadline\">Chaque ann\u00e9e, nous sommes \u00e0 la recherche de sponsors pour nous aider \u00e0 financer toute une s\u00e9rie de choses telles que du mat\u00e9riel. Nous faisons donc appel \u00e0 vous !<\/p><br \/>\n<p>Nous vous proposons diff\u00e9rentes formules afin qu\u2019il y en ait pour tous les go\u00fbts. En cas d\u2019int\u00e9r\u00eat, merci de nous contacter par mail (fleurusathletisme428@gmail.com) et nous vous transmettrons les prix et autres modalit\u00e9s.<\/p><br \/>\n<p>\u2022 Partenaire sympathisant (\u00e0 votre libre choix)<br \/><br \/>\n\u2022 Publication sur notre site internet (1 mois)<br \/><br \/>\n\u2022 Publication sur notre page Facebook (1 mois)<br \/><br \/>\n\u2022 Publication sur flyers (par \u00e9v\u00e9nement)<br \/><br \/>\n\u2022 B\u00e2che (affichage aux \u00e9v\u00e9nements 3 ans)<br \/><br \/>\n\u2022 B\u00e2che + flyers (tous \u00e9v\u00e9nements 3 ans)<\/div><\/header><div class=\"bt_bb_separator bt_bb_border_style_none bt_bb_bottom_spacing_medium\" data-bt-override-class=\"null\"><\/div><\/div><\/div><\/div><\/div><\/div><\/div><!-- cell_inner --><\/div><!-- cell --><\/div><!-- port --><\/section><\/p>\n","protected":false},"excerpt":{"rendered":"","protected":false},"author":1,"featured_media":0,"parent":14,"menu_order":0,"comment_status":"closed","ping_status":"closed","template":"","meta":{"footnotes":""},"class_list":["post-164","page","type-page","status-publish","hentry"],"_links":{"self":[{"href":"https:\/\/www.fleurus-athletisme.be\/Fleu\/wp-json\/wp\/v2\/pages\/164","targetHints":{"allow":["GET"]}}],"collection":[{"href":"https:\/\/www.fleurus-athletisme.be\/Fleu\/wp-json\/wp\/v2\/pages"}],"about":[{"href":"https:\/\/www.fleurus-athletisme.be\/Fleu\/wp-json\/wp\/v2\/types\/page"}],"author":[{"embeddable":true,"href":"https:\/\/www.fleurus-athletisme.be\/Fleu\/wp-json\/wp\/v2\/users\/1"}],"replies":[{"embeddable":true,"href":"https:\/\/www.fleurus-athletisme.be\/Fleu\/wp-json\/wp\/v2\/comments?post=164"}],"version-history":[{"count":0,"href":"https:\/\/www.fleurus-athletisme.be\/Fleu\/wp-json\/wp\/v2\/pages\/164\/revisions"}],"up":[{"embeddable":true,"href":"https:\/\/www.fleurus-athletisme.be\/Fleu\/wp-json\/wp\/v2\/pages\/14"}],"wp:attachment":[{"href":"https:\/\/www.fleurus-athletisme.be\/Fleu\/wp-json\/wp\/v2\/media?parent=164"}],"curies":[{"name":"wp","href":"https:\/\/api.w.org\/{rel}","templated":true}]}}